{"id":3289,"date":"2025-08-09T22:21:40","date_gmt":"2025-08-09T20:21:40","guid":{"rendered":"https:\/\/www.r-neumayer.de\/suggestions-eloges-et-reclamations\/"},"modified":"2025-08-13T08:32:51","modified_gmt":"2025-08-13T06:32:51","slug":"suggestions-eloges-et-reclamations","status":"publish","type":"page","link":"https:\/\/www.r-neumayer.de\/fr\/suggestions-eloges-et-reclamations\/","title":{"rendered":"Suggestions, \u00e9loges et r\u00e9clamations"},"content":{"rendered":"<p>Votre opinion est importante pour nous&nbsp;!<\/p>\n<p>N&rsquo;h\u00e9sitez pas \u00e0 nous laisser vos commentaires ici. Qu&rsquo;il s&rsquo;agisse de critiques, d&rsquo;\u00e9loges ou d&rsquo;id\u00e9es, nous vous remercions de vos remarques et nous les traiterons en cons\u00e9quence. <\/p>\n<div class=\"form-sec\">\n<div class=\"wpcf7 no-js\" id=\"wpcf7-f3303-o1\" lang=\"fr-FR\" dir=\"ltr\" data-wpcf7-id=\"3303\">\n<div class=\"screen-reader-response\"><p role=\"status\" aria-live=\"polite\" aria-atomic=\"true\"><\/p> <ul><\/ul><\/div>\n<form action=\"\/fr\/wp-json\/wp\/v2\/pages\/3289#wpcf7-f3303-o1\" method=\"post\" class=\"wpcf7-form init\" aria-label=\"Formulaire de contact\" novalidate=\"novalidate\" data-status=\"init\">\n<fieldset class=\"hidden-fields-container\"><input type=\"hidden\" name=\"_wpcf7\" value=\"3303\" \/><input type=\"hidden\" name=\"_wpcf7_version\" value=\"6.1.5\" \/><input type=\"hidden\" name=\"_wpcf7_locale\" value=\"fr_FR\" \/><input type=\"hidden\" name=\"_wpcf7_unit_tag\" value=\"wpcf7-f3303-o1\" \/><input type=\"hidden\" name=\"_wpcf7_container_post\" value=\"0\" \/><input type=\"hidden\" name=\"_wpcf7_posted_data_hash\" value=\"\" \/>\n<\/fieldset>\n<div class=\"row\">\n\t<div class=\"col-md-6\">\n\t\t<div class=\"input__item\">\n\t\t\t<label>Nom (facultatif)<\/label>\n                        <span class=\"wpcf7-form-control-wrap\" data-name=\"text-4\"><input size=\"40\" maxlength=\"400\" class=\"wpcf7-form-control wpcf7-text\" aria-invalid=\"false\" value=\"\" type=\"text\" name=\"text-4\" \/><\/span>\n\t\t<\/div>\n\t<\/div>\n\t<div class=\"col-md-6\">\n\t\t<div class=\"input__item\">\n\t\t\t<label>Adresse e-mail (facultatif)<\/label>\n\t\t\t<span class=\"wpcf7-form-control-wrap\" data-name=\"email-55\"><input size=\"40\" maxlength=\"400\" class=\"wpcf7-form-control wpcf7-email wpcf7-text wpcf7-validates-as-email\" aria-invalid=\"false\" value=\"\" type=\"email\" name=\"email-55\" \/><\/span>\n\t\t<\/div>\n\t<\/div>\n\t<div class=\"col-md-6\">\n\t\t<div class=\"input__item\">\n\t\t\t<label>Sujet<\/label>\n\t\t\t<span class=\"wpcf7-form-control-wrap\" data-name=\"text-6\"><input size=\"40\" maxlength=\"400\" class=\"wpcf7-form-control wpcf7-text\" aria-invalid=\"false\" value=\"\" type=\"text\" name=\"text-6\" \/><\/span>\n\t\t<\/div>\n\t<\/div>\n<\/div>\n<div class=\"textarea__item\">\n\t<label>Votre message<\/label>\n\t<span class=\"wpcf7-form-control-wrap\" data-name=\"textarea-515\"><textarea cols=\"40\" rows=\"10\" maxlength=\"2000\" class=\"wpcf7-form-control wpcf7-textarea\" aria-invalid=\"false\" name=\"textarea-515\"><\/textarea><\/span>\n<\/div>\n<div class=\"check-item\">\n\t<div class=\"checkbox\">\n\t\t<span class=\"wpcf7-form-control-wrap\" data-name=\"acceptance-gdpr\"><span class=\"wpcf7-form-control wpcf7-acceptance\"><span class=\"wpcf7-list-item\"><input type=\"checkbox\" name=\"acceptance-gdpr\" value=\"1\" class=\"acceptance-gdpr\" aria-invalid=\"false\" \/><\/span><\/span><\/span>\n\t<\/div>\n\t<div class=\"content\">\n\t\t<p>OUI, j'ai pris connaissance de la <a href=\"\/datenschutz\">politique de confidentialit\u00e9<\/a> de ce site et j'accepte express\u00e9ment que les donn\u00e9es que j'ai fournies soient collect\u00e9es et stock\u00e9es \u00e9lectroniquement. Mes donn\u00e9es ne seront utilis\u00e9es que dans le but strict de traiter et de r\u00e9pondre \u00e0 ma demande\u00a0! Remarque\u00a0: Vous pouvez r\u00e9voquer votre consentement \u00e0 tout moment pour l'avenir en envoyant un e-mail \u00e0 <a href=\"mailto:contact@r-neumayer.de\">contact@r-neumayer.de<\/a>.   <\/p>\n\t\t<p>Note relative \u00e0 la protection des donn\u00e9es\u00a0: les donn\u00e9es personnelles que vous avez \u00e9ventuellement communiqu\u00e9es servent exclusivement au traitement de vos demandes et messages. Les donn\u00e9es saisies ne sont transmises qu\u2019apr\u00e8s confirmation du bouton \u00ab\u00a0Envoyer\u00a0\u00bb. Elles ne sont pas mises \u00e0 la disposition de tiers\u00a0! Les donn\u00e9es que vous avez saisies dans le formulaire de contact restent chez nous jusqu\u2019\u00e0 ce que vous nous demandiez de les supprimer, que vous r\u00e9voquiez votre consentement \u00e0 l\u2019enregistrement ou que la finalit\u00e9 de l\u2019enregistrement des donn\u00e9es disparaisse (par exemple, apr\u00e8s le traitement final de votre demande). Les dispositions l\u00e9gales imp\u00e9ratives, en particulier les d\u00e9lais de conservation, ne sont pas affect\u00e9es. Vous trouverez de plus amples informations dans notre <a href=\"\/datenschutz\">d\u00e9claration de confidentialit\u00e9<\/a>.     <\/p>\n\t<\/div>\n<\/div>\n<div class=\"flex-btn\">\n\t<button class=\"btn\"><span>Envoyer <img decoding=\"async\" class=\"svg-image\" src=\"\/wp-content\/themes\/neumayer\/assets\/img\/dist\/icon\/arrow-next.svg\" alt=\"\"><\/span><\/button>\n<\/div><div class=\"wpcf7-response-output\" aria-hidden=\"true\"><\/div>\n<\/form>\n<\/div>\n<\/div>\n","protected":false},"excerpt":{"rendered":"<p>Votre opinion est importante pour nous&nbsp;! N&rsquo;h\u00e9sitez pas \u00e0 nous laisser vos commentaires ici. Qu&rsquo;il s&rsquo;agisse de critiques, d&rsquo;\u00e9loges ou d&rsquo;id\u00e9es, nous vous remercions de vos remarques et nous les traiterons en cons\u00e9quence.<\/p>\n","protected":false},"author":5,"featured_media":0,"parent":0,"menu_order":0,"comment_status":"closed","ping_status":"closed","template":"","meta":{"_acf_changed":false,"inline_featured_image":false,"footnotes":""},"class_list":["post-3289","page","type-page","status-publish","hentry"],"acf":[],"_links":{"self":[{"href":"https:\/\/www.r-neumayer.de\/fr\/wp-json\/wp\/v2\/pages\/3289","targetHints":{"allow":["GET"]}}],"collection":[{"href":"https:\/\/www.r-neumayer.de\/fr\/wp-json\/wp\/v2\/pages"}],"about":[{"href":"https:\/\/www.r-neumayer.de\/fr\/wp-json\/wp\/v2\/types\/page"}],"author":[{"embeddable":true,"href":"https:\/\/www.r-neumayer.de\/fr\/wp-json\/wp\/v2\/users\/5"}],"replies":[{"embeddable":true,"href":"https:\/\/www.r-neumayer.de\/fr\/wp-json\/wp\/v2\/comments?post=3289"}],"version-history":[{"count":1,"href":"https:\/\/www.r-neumayer.de\/fr\/wp-json\/wp\/v2\/pages\/3289\/revisions"}],"predecessor-version":[{"id":3347,"href":"https:\/\/www.r-neumayer.de\/fr\/wp-json\/wp\/v2\/pages\/3289\/revisions\/3347"}],"wp:attachment":[{"href":"https:\/\/www.r-neumayer.de\/fr\/wp-json\/wp\/v2\/media?parent=3289"}],"curies":[{"name":"wp","href":"https:\/\/api.w.org\/{rel}","templated":true}]}}